{"id":18,"date":"2021-04-07T05:50:58","date_gmt":"2021-04-07T05:50:58","guid":{"rendered":"https:\/\/trim-service.eu\/?page_id=18"},"modified":"2021-11-05T07:36:39","modified_gmt":"2021-11-05T07:36:39","slug":"o-firmie","status":"publish","type":"page","link":"https:\/\/trim-service.eu\/index.php\/o-firmie\/","title":{"rendered":"O Firmie"},"content":{"rendered":"\n<p><br>Nasza oferta jest szeroka. Rozpoczynaj\u0105c od us\u0142ug projektowych, sko\u0144czywszy na realizacji danego projektu wraz z obs\u0142ug\u0105 serwisow\u0105 zadania.<\/p>\n\n\n\n<p><br>Specjalizujemy si\u0119 w wykonywaniu i serwisowaniu nast\u0119puj\u0105cych system\u00f3w.:<\/p>\n\n\n\n<ul class=\"wp-block-list\"><li>Instalacje klimatyzacje (SPLIT, MULTI, VRF, itp.).<\/li><li>Instalacje wody lodowej (CHILLERY, WIE\u017bE CH\u0141ODNICZE, itp).<\/li><li>Instalacje pomp ciep\u0142a (POWIETRZNE, GRUNTOWE, WODNE, itp).<\/li><li>Instalacje wentylacyjne (CAV, VAV, itp.).<\/li><li>Instalacje odpylaj\u0105ce (METAL, DREWNO, PAPIER, itp.)<\/li><li>Instalacje ch\u0142odnicze (komory ch\u0142odnicze, mro\u017anie, itp).<\/li><li>Instalacje ch\u0142odzenia ewaporacyjnego,<\/li><li>Instalacje automatyki (szafy AKPiA, sterowanie systemami, itp).<\/li><li>Instalacje BMS (przemys\u0142owe, budynkowe, itp), <\/li><li>Instalacje hydraulicznie (woda, kanalizacja, ogrzewanie, itp).<\/li><li>Instalacje terenowe (sieci i przy\u0142\u0105cza, itp).<\/li><\/ul>\n","protected":false},"excerpt":{"rendered":"<p>Nasza oferta jest szeroka. Rozpoczynaj\u0105c od us\u0142ug projektowych, sko\u0144czywszy na realizacji danego projektu wraz z obs\u0142ug\u0105 serwisow\u0105 zadania. Specjalizujemy si\u0119 w wykonywaniu i serwisowaniu nast\u0119puj\u0105cych&hellip;<\/p>\n","protected":false},"author":1,"featured_media":0,"parent":0,"menu_order":0,"comment_status":"closed","ping_status":"closed","template":"","meta":{"footnotes":""},"class_list":["post-18","page","type-page","status-publish","hentry"],"_links":{"self":[{"href":"https:\/\/trim-service.eu\/index.php\/wp-json\/wp\/v2\/pages\/18","targetHints":{"allow":["GET"]}}],"collection":[{"href":"https:\/\/trim-service.eu\/index.php\/wp-json\/wp\/v2\/pages"}],"about":[{"href":"https:\/\/trim-service.eu\/index.php\/wp-json\/wp\/v2\/types\/page"}],"author":[{"embeddable":true,"href":"https:\/\/trim-service.eu\/index.php\/wp-json\/wp\/v2\/users\/1"}],"replies":[{"embeddable":true,"href":"https:\/\/trim-service.eu\/index.php\/wp-json\/wp\/v2\/comments?post=18"}],"version-history":[{"count":7,"href":"https:\/\/trim-service.eu\/index.php\/wp-json\/wp\/v2\/pages\/18\/revisions"}],"predecessor-version":[{"id":209,"href":"https:\/\/trim-service.eu\/index.php\/wp-json\/wp\/v2\/pages\/18\/revisions\/209"}],"wp:attachment":[{"href":"https:\/\/trim-service.eu\/index.php\/wp-json\/wp\/v2\/media?parent=18"}],"curies":[{"name":"wp","href":"https:\/\/api.w.org\/{rel}","templated":true}]}}