{"id":19,"date":"2021-04-07T05:50:58","date_gmt":"2021-04-07T05:50:58","guid":{"rendered":"https:\/\/trim-service.eu\/?page_id=19"},"modified":"2021-11-05T07:37:03","modified_gmt":"2021-11-05T07:37:03","slug":"oferta","status":"publish","type":"page","link":"https:\/\/trim-service.eu\/index.php\/oferta\/","title":{"rendered":"Oferta"},"content":{"rendered":"\n<p><\/p>\n\n\n\n<p>Wykonujemy nast\u0119puj\u0105cy zakres prac zwi\u0105zanych z systemami <span style=\"font-size: revert;\">HVACiR oraz sanitarnymi<\/span>:<\/p>\n\n\n\n<ul class=\"wp-block-list\"><li>Doradztwo techniczne.<\/li><li>Projektowanie.<\/li><li>Koordynacja.<\/li><li>Realizacja i monta\u017c.<\/li><li>Serwis \/ konserwacja.<\/li><\/ul>\n\n\n\n<p>_______________________________________________________________________________________________________<\/p>\n\n\n\n<p>Specjalizujemy si\u0119 w monta\u017cu i serwisowaniu nast\u0119puj\u0105cych system\u00f3w.:<\/p>\n\n\n\n<ul class=\"wp-block-list\"><li>Instalacje klimatyzacje (SPLIT, MULTI, VRF, itp.).<\/li><li>Instalacje wody lodowej (CHILLERY, WIE\u017bE CH\u0141ODNICZE, itp).<\/li><li>Instalacje pomp ciep\u0142a (POWIETRZNE, GRUNTOWE, WODNE, itp).<\/li><li>Instalacje wentylacyjne (CAV, VAV, itp.).<\/li><li>Instalacje odpylaj\u0105ce (METAL, DREWNO, PAPIER, itp.)<\/li><li>Instalacje ch\u0142odnicze (komory ch\u0142odnicze, mro\u017anie, itp).<\/li><li>Instalacja ch\u0142odzenia ewaporacyjnego,<\/li><li>Instalacje automatyki (szafy AKPiA, sterowanie systemami, itp).<\/li><li>Instalacje BMS (przemys\u0142owe, budynkowe, itp), <\/li><li>Instalacje hydraulicznie (woda, kanalizacja, ogrzewanie, itp).<\/li><li>Instalacje terenowe (sieci i przy\u0142\u0105cza, itp).<\/li><\/ul>\n","protected":false},"excerpt":{"rendered":"<p>Wykonujemy nast\u0119puj\u0105cy zakres prac zwi\u0105zanych z systemami HVACiR oraz sanitarnymi: Doradztwo techniczne. Projektowanie. Koordynacja. Realizacja i monta\u017c. Serwis \/ konserwacja. _______________________________________________________________________________________________________ Specjalizujemy si\u0119 w monta\u017cu&hellip;<\/p>\n","protected":false},"author":1,"featured_media":0,"parent":0,"menu_order":0,"comment_status":"closed","ping_status":"closed","template":"","meta":{"footnotes":""},"class_list":["post-19","page","type-page","status-publish","hentry"],"_links":{"self":[{"href":"https:\/\/trim-service.eu\/index.php\/wp-json\/wp\/v2\/pages\/19","targetHints":{"allow":["GET"]}}],"collection":[{"href":"https:\/\/trim-service.eu\/index.php\/wp-json\/wp\/v2\/pages"}],"about":[{"href":"https:\/\/trim-service.eu\/index.php\/wp-json\/wp\/v2\/types\/page"}],"author":[{"embeddable":true,"href":"https:\/\/trim-service.eu\/index.php\/wp-json\/wp\/v2\/users\/1"}],"replies":[{"embeddable":true,"href":"https:\/\/trim-service.eu\/index.php\/wp-json\/wp\/v2\/comments?post=19"}],"version-history":[{"count":3,"href":"https:\/\/trim-service.eu\/index.php\/wp-json\/wp\/v2\/pages\/19\/revisions"}],"predecessor-version":[{"id":210,"href":"https:\/\/trim-service.eu\/index.php\/wp-json\/wp\/v2\/pages\/19\/revisions\/210"}],"wp:attachment":[{"href":"https:\/\/trim-service.eu\/index.php\/wp-json\/wp\/v2\/media?parent=19"}],"curies":[{"name":"wp","href":"https:\/\/api.w.org\/{rel}","templated":true}]}}