{"id":21,"date":"2021-04-07T05:50:58","date_gmt":"2021-04-07T05:50:58","guid":{"rendered":"https:\/\/trim-service.eu\/?page_id=21"},"modified":"2021-09-12T19:01:46","modified_gmt":"2021-09-12T19:01:46","slug":"praca","status":"publish","type":"page","link":"https:\/\/trim-service.eu\/index.php\/praca\/","title":{"rendered":"Praca"},"content":{"rendered":"\n<p>Firma TRiM-service sp.j. poszukuje specjalist\u00f3w w zakresie serwisu, monta\u017cu instalacji wentylacji, klimatyzacji, ch\u0142odnictwa i pomp ciep\u0142a.<\/p>\n\n\n\n<p>Zatrudnienie na umow\u0119 o prac\u0119 (etat) lub relacja B2B. Praca g\u0142\u00f3wnie na terenie Poznania (gdzie miej\u015bcie si\u0119 siedziba firmy) i okolic.<\/p>\n\n\n\n<p>G\u0141\u00d3WNE ZADANIA:<\/p>\n\n\n\n<p>&#8211; Praca zwi\u0105zana z monta\u017cem &#8211; serwisem urz\u0105dze\u0144 HVACiR.<\/p>\n\n\n\n<p>&#8211; Monta\u017c instalacji: wentylacja, klimatyzacja, ch\u0142odnictwo, pompy ciep\u0142a i AKPiA.<\/p>\n\n\n\n<p>&#8211; Wykonywanie konserwacji, diagnostyki i napraw urz\u0105dze\u0144.<\/p>\n\n\n\n<p>&#8211; Wykonywanie uruchomie\u0144 nowych urz\u0105dze\u0144.<\/p>\n\n\n\n<p>WYMAGANIA (mile widziane):<\/p>\n\n\n\n<p>&#8211; Minimum 2-letnie do\u015bwiadczenie zawodowe na podobnym stanowisku.<\/p>\n\n\n\n<p>&#8211; Rozumienie zagadnie\u0144 i problem\u00f3w serwisu urz\u0105dze\u0144 z bran\u017cy HVACiR i elektrycznej.<\/p>\n\n\n\n<p>&#8211; Znajomo\u015b\u0107 instalacji elektrycznych, hydraulicznych oraz proces\u00f3w ch\u0142odnictwa i automatyki ch\u0142odniczej.<\/p>\n\n\n\n<p>&#8211; Umiej\u0119tno\u015b\u0107 analizowania dokumentacji technicznej wraz ze schematami elektrycznymi.<\/p>\n\n\n\n<p>&#8211; Znajomo\u015b\u0107 przepis\u00f3w F-GAZ, wskazany certyfikat.<\/p>\n\n\n\n<p>&#8211; Uprawnienia SEP do 1kV.<\/p>\n\n\n\n<p>&#8211; Prawo jazdy kat. B.<\/p>\n\n\n\n<p>&#8211; W przypadku obcokrajowc\u00f3w wymagana dobra znajomo\u015b\u0107 j\u0119zyka polskiego i podstawowa znajomo\u015b\u0107 j\u0119zyka angielskiego.<\/p>\n\n\n\n<p>Dla kandydat\u00f3w, kt\u00f3rych umiej\u0119tno\u015bci pozwalaj\u0105 na samodzielnie wykonywanie prac zapewniamy samoch\u00f3d serwisowy, telefon kom\u00f3rkowy itp. Oferujemy atrakcyjne warunki wynagrodzenia wraz p\u0142atnymi nadgodzinami, szkolenia techniczne, szerokie mo\u017cliwo\u015bci podnoszenia kwalifikacji zawodowych.<\/p>\n\n\n\n<p>Pro\u015bna o przes\u0142anie CV na adres lub bezpo\u015bredni kontakt telefoniczny.<\/p>\n\n\n\n<p><em>Adres do korespondencji: (siedziba firmy)<\/em><\/p>\n\n\n\n<p><em>TRIM-SERVICE Matuszak sp.j. \/ NIP: 7773275470<\/em><\/p>\n\n\n\n<p><em>ul. Szczepankowo 17 (kontenery)<\/em><\/p>\n\n\n\n<p><em>61-311 Pozna\u0144&nbsp;&nbsp;&nbsp;&nbsp;&nbsp;&nbsp;&nbsp;&nbsp;&nbsp;<\/em><\/p>\n\n\n\n<p><em>tel: 533-126-665 \/ biuro: 537-551-334<\/em><\/p>\n","protected":false},"excerpt":{"rendered":"<p>Firma TRiM-service sp.j. poszukuje specjalist\u00f3w w zakresie serwisu, monta\u017cu instalacji wentylacji, klimatyzacji, ch\u0142odnictwa i pomp ciep\u0142a. Zatrudnienie na umow\u0119 o prac\u0119 (etat) lub relacja B2B.&hellip;<\/p>\n","protected":false},"author":1,"featured_media":0,"parent":0,"menu_order":0,"comment_status":"closed","ping_status":"closed","template":"","meta":{"footnotes":""},"class_list":["post-21","page","type-page","status-publish","hentry"],"_links":{"self":[{"href":"https:\/\/trim-service.eu\/index.php\/wp-json\/wp\/v2\/pages\/21","targetHints":{"allow":["GET"]}}],"collection":[{"href":"https:\/\/trim-service.eu\/index.php\/wp-json\/wp\/v2\/pages"}],"about":[{"href":"https:\/\/trim-service.eu\/index.php\/wp-json\/wp\/v2\/types\/page"}],"author":[{"embeddable":true,"href":"https:\/\/trim-service.eu\/index.php\/wp-json\/wp\/v2\/users\/1"}],"replies":[{"embeddable":true,"href":"https:\/\/trim-service.eu\/index.php\/wp-json\/wp\/v2\/comments?post=21"}],"version-history":[{"count":2,"href":"https:\/\/trim-service.eu\/index.php\/wp-json\/wp\/v2\/pages\/21\/revisions"}],"predecessor-version":[{"id":137,"href":"https:\/\/trim-service.eu\/index.php\/wp-json\/wp\/v2\/pages\/21\/revisions\/137"}],"wp:attachment":[{"href":"https:\/\/trim-service.eu\/index.php\/wp-json\/wp\/v2\/media?parent=21"}],"curies":[{"name":"wp","href":"https:\/\/api.w.org\/{rel}","templated":true}]}}